{"id":5110,"date":"2022-01-13T14:50:38","date_gmt":"2022-01-13T17:50:38","guid":{"rendered":"https:\/\/recriandoseufuturo.com\/?page_id=5110"},"modified":"2022-02-17T16:51:24","modified_gmt":"2022-02-17T19:51:24","slug":"rituaali-spa","status":"publish","type":"page","link":"https:\/\/recriandoseufuturo.com\/index.php\/rituaali-spa\/","title":{"rendered":"Transforme sua Vida"},"content":{"rendered":"<h2>RITUAALI SPA &amp; CL\u00cdNICA<\/h2>\n<p>\t\t\t\t\t\t\t\t\t\t\t\t\t\t\t\t<a href=\"https:\/\/recriandoseufuturo.com\/index.php\/trip\/rituaali-spa-clinica\/\"><br \/>\n\t\t\t\t\t\t\t<img decoding=\"async\" width=\"910\" height=\"607\" src=\"https:\/\/recriandoseufuturo.com\/wp-content\/uploads\/2021\/03\/Rituaali-Vista-Geral-2-1-1-1024x683.jpg\" alt=\"Rituaali Cl\u00ednica e SPA\" loading=\"lazy\" srcset=\"https:\/\/recriandoseufuturo.com\/wp-content\/uploads\/2021\/03\/Rituaali-Vista-Geral-2-1-1-1024x683.jpg 1024w, https:\/\/recriandoseufuturo.com\/wp-content\/uploads\/2021\/03\/Rituaali-Vista-Geral-2-1-1-300x200.jpg 300w, https:\/\/recriandoseufuturo.com\/wp-content\/uploads\/2021\/03\/Rituaali-Vista-Geral-2-1-1-768x513.jpg 768w, https:\/\/recriandoseufuturo.com\/wp-content\/uploads\/2021\/03\/Rituaali-Vista-Geral-2-1-1-272x182.jpg 272w, https:\/\/recriandoseufuturo.com\/wp-content\/uploads\/2021\/03\/Rituaali-Vista-Geral-2-1-1.jpg 1230w\" sizes=\"auto, (max-width: 910px) 100vw, 910px\" \/>\t\t\t\t\t\t\t\t<\/a><\/p>\n<h2 style=\"text-align: center;\"><strong>Adote novos h\u00e1bitos com uma rotina de sucesso! E a fa\u00e7a dela seu estilo de vida.<\/strong><\/h2>\n<p><strong>\u00a0<\/strong><\/p>\n<p style=\"text-align: center;\">Ter prazer com os novos h\u00e1bitos \u00e9 uma das melhores maneiras em incorpor\u00e1-los ao nosso estilo de vida. Sabe aquele empurr\u00e3ozinho que \u00e0s vezes precisamos? Ou mesmo aquele momento apenas para nos cuidar?<\/p>\n<h3 style=\"text-align: center;\"><a href=\"https:\/\/api.whatsapp.com\/send?phone=+5581998724520\"><strong>Chegou seu momento<\/strong><\/a><\/h3>\n<p>Localizado aos p\u00e9s da Serra da Mantiqueira, o Rituaali Cl\u00ednica &amp; SPA em contato direto com a natureza vai ser um divisor de \u00e1guas na sua vida. A estrutura possui uma arquitetura elegante. Al\u00e9m de uma decora\u00e7\u00e3o sofisticada e aconchegante para uma experi\u00eancia completa.<\/p>\n<h2>Programas<\/h2>\n<p>\t\t\t\t\t\tO Rituaali nasceu com o intuito de garantir uma vida mais longeva e saud\u00e1vel aos h\u00f3spedes. Atrav\u00e9s do cuidado integral do corpo, da mente e do esp\u00edrito. Com a Medicina do Estilo de Vida e a Medicina Comportamental, trabalha a preven\u00e7\u00e3o de doen\u00e7as e a ado\u00e7\u00e3o de h\u00e1bitos mais saud\u00e1veis. <\/p>\n<p>Bem-estar <br \/>Peso ideal <br \/> Estresse &amp; Ansiedade <\/p>\n<p>Atividades que v\u00e3o preencher seu dia de forma din\u00e2mica.<br \/>Exerc\u00edcios, programas no SPA, palestras, bate-papos e muito mais.<br \/>\n\t\t\t\t\t<a href=\"https:\/\/api.whatsapp.com\/send?phone=+5581998724520\"><br \/>\n\t\t\t\t\t\tSaiba mais\t\t\t\t\t<\/a><\/p>\n<h2>Delicie-se com uma alimenta\u00e7\u00e3o de dar \u00e1gua na boca!<\/h2>\n<p>\t\t\t\t\t\tO Rituaali SPA &#038; Cl\u00ednica oferece uma alimenta\u00e7\u00e3o vegetariana. Com base em alimentos frescos e sazonais. <br \/>Um card\u00e1pio rico em nutrientes e alimentos anti-inflamat\u00f3rios!<br \/>\n<br \/> Voc\u00ea ainda levar\u00e1 pra casa receitas e dicas em como usar no dia a dia.<br \/>\n\t\t\t\t\t<a href=\"https:\/\/api.whatsapp.com\/send?phone=+5581998724520\"><br \/>\n\t\t\t\t\t\tFale Conosco\t\t\t\t\t<\/a><\/p>\n<h2>Vantagens em comprar conosco!<\/h2>\n<p>\t\t\t\t\t\tComo Agente de Viagens credenciado pelo Rituaali lhe oferecemos alguns servi\u00e7os especiais! <br \/> Receba como cortesia: <br \/>  01 Drenagem Linf\u00e1tica Facial ou Massagem Craniana <br \/> + <br \/> 01 sess\u00e3o de consultoria de bem-estar com uma Coach certificada. <br \/> Orienta\u00e7\u00e3o personalizada em como melhor aproveitar sua estadia.<br \/>\n\t\t\t\t\t<a href=\"https:\/\/api.whatsapp.com\/send?phone=+5581998724520\"><br \/>\n\t\t\t\t\t\tReserve J\u00e1\t\t\t\t\t<\/a><\/p>\n<h2>Acomoda\u00e7\u00f5es<\/h2>\n<p>\t\t\t\t\t\tDormir bem \u00e9 um dos benef\u00edcios dos programas no Rituaali. <br \/> Novos h\u00e1bitos lhe dar\u00e3o boas noites de sono. As acomoda\u00e7\u00f5es s\u00e3o espa\u00e7osas e confort\u00e1veis. Op\u00e7\u00f5es entre apartamentos Luxo ou Chal\u00e9s.<br \/>\n\t\t\t\t\t<a href=\"https:\/\/api.whatsapp.com\/send?phone=+5581998724520\"><br \/>\n\t\t\t\t\t\tEscolha sua acomoda\u00e7\u00e3o\t\t\t\t\t<\/a><\/p>\n<h2>Pre\u00e7os &amp; Formas de Pagamento<\/h2>\n<p>\t\t\t\t\t\tPacotes com 04 e 07 noites <br \/> Parcelado em at\u00e9 04 x sem acr\u00e9scimo ou em at\u00e9 12 x com juros. <br \/> Envie uma mensagem ou preencha o formul\u00e1rio abaixo que enviaremos um or\u00e7amento sem compromisso.<br \/>\n\t\t\t\t\t<a href=\"https:\/\/api.whatsapp.com\/send?phone=+5581998724520\"><br \/>\n\t\t\t\t\t\tEnvie uma Mensagem\t\t\t\t\t<\/a><br \/>\n\t\t[wpforms id=&#8221;5116&#8243; title=&#8221;false&#8221; description=&#8221;false&#8221;]<br \/>\n\t\t\t\t\t\t\t\t\t\t\t\t\t\t\t<img decoding=\"async\" width=\"512\" height=\"512\" src=\"https:\/\/recriandoseufuturo.com\/wp-content\/uploads\/2021\/02\/cropped-Untitled-design-3.png\" alt=\"\" loading=\"lazy\" srcset=\"https:\/\/recriandoseufuturo.com\/wp-content\/uploads\/2021\/02\/cropped-Untitled-design-3.png 512w, https:\/\/recriandoseufuturo.com\/wp-content\/uploads\/2021\/02\/cropped-Untitled-design-3-300x300.png 300w, https:\/\/recriandoseufuturo.com\/wp-content\/uploads\/2021\/02\/cropped-Untitled-design-3-150x150.png 150w, https:\/\/recriandoseufuturo.com\/wp-content\/uploads\/2021\/02\/cropped-Untitled-design-3-270x270.png 270w, https:\/\/recriandoseufuturo.com\/wp-content\/uploads\/2021\/02\/cropped-Untitled-design-3-192x192.png 192w, https:\/\/recriandoseufuturo.com\/wp-content\/uploads\/2021\/02\/cropped-Untitled-design-3-180x180.png 180w, https:\/\/recriandoseufuturo.com\/wp-content\/uploads\/2021\/02\/cropped-Untitled-design-3-32x32.png 32w\" sizes=\"auto, (max-width: 512px) 100vw, 512px\" \/>\t\t\t\t\t\t\t\t\t\t\t\t\t\t\t<\/p>\n<p style=\"text-align: center;\">www.recriandoseufuturo.com<\/p>\n<p style=\"text-align: center;\">081- 99872 4520<\/p>\n<p style=\"text-align: center;\">CNPJ: 25.228.583\/0001-33<\/p>\n<p>\t\t\t\t\t<a href=\"https:\/\/www.facebook.com\/recriandoseufuturo\" target=\"_blank\" rel=\"noopener\"><br \/>\n\t\t\t\t\t\tFacebook<br \/>\n\t\t\t\t\t\t\t\t\t\t\t<\/a><br \/>\n\t\t\t\t\t<a href=\"https:\/\/www.instagram.com\/recriandoseufuturo\/\" target=\"_blank\" rel=\"noopener\"><br \/>\n\t\t\t\t\t\tInstagram<br \/>\n\t\t\t\t\t\t\t\t\t\t\t<\/a><\/p>\n","protected":false},"excerpt":{"rendered":"<p>RITUAALI SPA &amp; CL\u00cdNICA Adote novos h\u00e1bitos com uma rotina de sucesso! E a fa\u00e7a dela seu estilo de vida. \u00a0 Ter prazer com os novos h\u00e1bitos \u00e9 uma das melhores maneiras em incorpor\u00e1-los ao nosso estilo de vida. Sabe aquele empurr\u00e3ozinho que \u00e0s vezes &hellip; <\/p>\n","protected":false},"author":1,"featured_media":0,"parent":0,"menu_order":0,"comment_status":"closed","ping_status":"closed","template":"","meta":{"footnotes":""},"class_list":["post-5110","page","type-page","status-publish","hentry"],"yoast_head":"<!-- This site is optimized with the Yoast SEO plugin v27.4 - https:\/\/yoast.com\/product\/yoast-seo-wordpress\/ -->\n<title>Rituaali SPA<\/title>\n<meta name=\"description\" content=\"Adote novos h\u00e1bitos para uma rotina de sucesso. No Rituaali SPA &amp; Cl\u00ednica voc\u00ea ir\u00e1 incorporar novos h\u00e1bitos com prazer.\" \/>\n<meta name=\"robots\" content=\"index, follow, max-snippet:-1, max-image-preview:large, max-video-preview:-1\" \/>\n<link rel=\"canonical\" href=\"https:\/\/recriandoseufuturo.com\/index.php\/rituaali-spa\/\" \/>\n<meta property=\"og:locale\" content=\"pt_BR\" \/>\n<meta property=\"og:type\" content=\"article\" \/>\n<meta property=\"og:title\" content=\"Rituaali SPA\" \/>\n<meta property=\"og:description\" content=\"Adote novos h\u00e1bitos para uma rotina de sucesso. No Rituaali SPA &amp; Cl\u00ednica voc\u00ea ir\u00e1 incorporar novos h\u00e1bitos com prazer.\" \/>\n<meta property=\"og:url\" content=\"https:\/\/recriandoseufuturo.com\/index.php\/rituaali-spa\/\" \/>\n<meta property=\"og:site_name\" content=\"Recriando seu Futuro\" \/>\n<meta property=\"article:publisher\" content=\"https:\/\/www.facebook.com\/recriandoseufuturo\" \/>\n<meta property=\"article:modified_time\" content=\"2022-02-17T19:51:24+00:00\" \/>\n<meta property=\"og:image\" content=\"https:\/\/recriandoseufuturo.com\/wp-content\/uploads\/2021\/03\/Rituaali-Vista-Geral-2-1-1-1024x683.jpg\" \/>\n<meta name=\"twitter:card\" content=\"summary_large_image\" \/>\n<meta name=\"twitter:label1\" content=\"Est. tempo de leitura\" \/>\n\t<meta name=\"twitter:data1\" content=\"3 minutos\" \/>\n<script type=\"application\/ld+json\" class=\"yoast-schema-graph\">{\"@context\":\"https:\\\/\\\/schema.org\",\"@graph\":[{\"@type\":\"WebPage\",\"@id\":\"https:\\\/\\\/recriandoseufuturo.com\\\/index.php\\\/rituaali-spa\\\/\",\"url\":\"https:\\\/\\\/recriandoseufuturo.com\\\/index.php\\\/rituaali-spa\\\/\",\"name\":\"Rituaali SPA\",\"isPartOf\":{\"@id\":\"https:\\\/\\\/recriandoseufuturo.com\\\/#website\"},\"primaryImageOfPage\":{\"@id\":\"https:\\\/\\\/recriandoseufuturo.com\\\/index.php\\\/rituaali-spa\\\/#primaryimage\"},\"image\":{\"@id\":\"https:\\\/\\\/recriandoseufuturo.com\\\/index.php\\\/rituaali-spa\\\/#primaryimage\"},\"thumbnailUrl\":\"https:\\\/\\\/recriandoseufuturo.com\\\/wp-content\\\/uploads\\\/2021\\\/03\\\/Rituaali-Vista-Geral-2-1-1-1024x683.jpg\",\"datePublished\":\"2022-01-13T17:50:38+00:00\",\"dateModified\":\"2022-02-17T19:51:24+00:00\",\"description\":\"Adote novos h\u00e1bitos para uma rotina de sucesso. No Rituaali SPA & Cl\u00ednica voc\u00ea ir\u00e1 incorporar novos h\u00e1bitos com prazer.\",\"breadcrumb\":{\"@id\":\"https:\\\/\\\/recriandoseufuturo.com\\\/index.php\\\/rituaali-spa\\\/#breadcrumb\"},\"inLanguage\":\"pt-BR\",\"potentialAction\":[{\"@type\":\"ReadAction\",\"target\":[\"https:\\\/\\\/recriandoseufuturo.com\\\/index.php\\\/rituaali-spa\\\/\"]}]},{\"@type\":\"ImageObject\",\"inLanguage\":\"pt-BR\",\"@id\":\"https:\\\/\\\/recriandoseufuturo.com\\\/index.php\\\/rituaali-spa\\\/#primaryimage\",\"url\":\"https:\\\/\\\/recriandoseufuturo.com\\\/wp-content\\\/uploads\\\/2021\\\/03\\\/Rituaali-Vista-Geral-2-1-1.jpg\",\"contentUrl\":\"https:\\\/\\\/recriandoseufuturo.com\\\/wp-content\\\/uploads\\\/2021\\\/03\\\/Rituaali-Vista-Geral-2-1-1.jpg\",\"width\":1230,\"height\":821,\"caption\":\"Rituaali Cl\u00ednica e SPA\"},{\"@type\":\"BreadcrumbList\",\"@id\":\"https:\\\/\\\/recriandoseufuturo.com\\\/index.php\\\/rituaali-spa\\\/#breadcrumb\",\"itemListElement\":[{\"@type\":\"ListItem\",\"position\":1,\"name\":\"In\u00edcio\",\"item\":\"https:\\\/\\\/recriandoseufuturo.com\\\/\"},{\"@type\":\"ListItem\",\"position\":2,\"name\":\"Transforme sua Vida\"}]},{\"@type\":\"WebSite\",\"@id\":\"https:\\\/\\\/recriandoseufuturo.com\\\/#website\",\"url\":\"https:\\\/\\\/recriandoseufuturo.com\\\/\",\"name\":\"Recriando seu Futuro\",\"description\":\"Viajar revigora o corpo, estimula a mente e eleva o esp\u00edrito\",\"publisher\":{\"@id\":\"https:\\\/\\\/recriandoseufuturo.com\\\/#organization\"},\"potentialAction\":[{\"@type\":\"SearchAction\",\"target\":{\"@type\":\"EntryPoint\",\"urlTemplate\":\"https:\\\/\\\/recriandoseufuturo.com\\\/?s={search_term_string}\"},\"query-input\":{\"@type\":\"PropertyValueSpecification\",\"valueRequired\":true,\"valueName\":\"search_term_string\"}}],\"inLanguage\":\"pt-BR\"},{\"@type\":\"Organization\",\"@id\":\"https:\\\/\\\/recriandoseufuturo.com\\\/#organization\",\"name\":\"Recriando seu Futuro Viagens e Turismo\",\"url\":\"https:\\\/\\\/recriandoseufuturo.com\\\/\",\"logo\":{\"@type\":\"ImageObject\",\"inLanguage\":\"pt-BR\",\"@id\":\"https:\\\/\\\/recriandoseufuturo.com\\\/#\\\/schema\\\/logo\\\/image\\\/\",\"url\":\"https:\\\/\\\/recriandoseufuturo.com\\\/wp-content\\\/uploads\\\/2021\\\/06\\\/cropped-Untitled-design-24-3.png\",\"contentUrl\":\"https:\\\/\\\/recriandoseufuturo.com\\\/wp-content\\\/uploads\\\/2021\\\/06\\\/cropped-Untitled-design-24-3.png\",\"width\":150,\"height\":150,\"caption\":\"Recriando seu Futuro Viagens e Turismo\"},\"image\":{\"@id\":\"https:\\\/\\\/recriandoseufuturo.com\\\/#\\\/schema\\\/logo\\\/image\\\/\"},\"sameAs\":[\"https:\\\/\\\/www.facebook.com\\\/recriandoseufuturo\",\"https:\\\/\\\/www.instagram.com\\\/recriandoseufuturo\\\/\"]}]}<\/script>\n<!-- \/ Yoast SEO plugin. -->","yoast_head_json":{"title":"Rituaali SPA","description":"Adote novos h\u00e1bitos para uma rotina de sucesso. No Rituaali SPA & Cl\u00ednica voc\u00ea ir\u00e1 incorporar novos h\u00e1bitos com prazer.","robots":{"index":"index","follow":"follow","max-snippet":"max-snippet:-1","max-image-preview":"max-image-preview:large","max-video-preview":"max-video-preview:-1"},"canonical":"https:\/\/recriandoseufuturo.com\/index.php\/rituaali-spa\/","og_locale":"pt_BR","og_type":"article","og_title":"Rituaali SPA","og_description":"Adote novos h\u00e1bitos para uma rotina de sucesso. No Rituaali SPA & Cl\u00ednica voc\u00ea ir\u00e1 incorporar novos h\u00e1bitos com prazer.","og_url":"https:\/\/recriandoseufuturo.com\/index.php\/rituaali-spa\/","og_site_name":"Recriando seu Futuro","article_publisher":"https:\/\/www.facebook.com\/recriandoseufuturo","article_modified_time":"2022-02-17T19:51:24+00:00","og_image":[{"url":"https:\/\/recriandoseufuturo.com\/wp-content\/uploads\/2021\/03\/Rituaali-Vista-Geral-2-1-1-1024x683.jpg","type":"","width":"","height":""}],"twitter_card":"summary_large_image","twitter_misc":{"Est. tempo de leitura":"3 minutos"},"schema":{"@context":"https:\/\/schema.org","@graph":[{"@type":"WebPage","@id":"https:\/\/recriandoseufuturo.com\/index.php\/rituaali-spa\/","url":"https:\/\/recriandoseufuturo.com\/index.php\/rituaali-spa\/","name":"Rituaali SPA","isPartOf":{"@id":"https:\/\/recriandoseufuturo.com\/#website"},"primaryImageOfPage":{"@id":"https:\/\/recriandoseufuturo.com\/index.php\/rituaali-spa\/#primaryimage"},"image":{"@id":"https:\/\/recriandoseufuturo.com\/index.php\/rituaali-spa\/#primaryimage"},"thumbnailUrl":"https:\/\/recriandoseufuturo.com\/wp-content\/uploads\/2021\/03\/Rituaali-Vista-Geral-2-1-1-1024x683.jpg","datePublished":"2022-01-13T17:50:38+00:00","dateModified":"2022-02-17T19:51:24+00:00","description":"Adote novos h\u00e1bitos para uma rotina de sucesso. No Rituaali SPA & Cl\u00ednica voc\u00ea ir\u00e1 incorporar novos h\u00e1bitos com prazer.","breadcrumb":{"@id":"https:\/\/recriandoseufuturo.com\/index.php\/rituaali-spa\/#breadcrumb"},"inLanguage":"pt-BR","potentialAction":[{"@type":"ReadAction","target":["https:\/\/recriandoseufuturo.com\/index.php\/rituaali-spa\/"]}]},{"@type":"ImageObject","inLanguage":"pt-BR","@id":"https:\/\/recriandoseufuturo.com\/index.php\/rituaali-spa\/#primaryimage","url":"https:\/\/recriandoseufuturo.com\/wp-content\/uploads\/2021\/03\/Rituaali-Vista-Geral-2-1-1.jpg","contentUrl":"https:\/\/recriandoseufuturo.com\/wp-content\/uploads\/2021\/03\/Rituaali-Vista-Geral-2-1-1.jpg","width":1230,"height":821,"caption":"Rituaali Cl\u00ednica e SPA"},{"@type":"BreadcrumbList","@id":"https:\/\/recriandoseufuturo.com\/index.php\/rituaali-spa\/#breadcrumb","itemListElement":[{"@type":"ListItem","position":1,"name":"In\u00edcio","item":"https:\/\/recriandoseufuturo.com\/"},{"@type":"ListItem","position":2,"name":"Transforme sua Vida"}]},{"@type":"WebSite","@id":"https:\/\/recriandoseufuturo.com\/#website","url":"https:\/\/recriandoseufuturo.com\/","name":"Recriando seu Futuro","description":"Viajar revigora o corpo, estimula a mente e eleva o esp\u00edrito","publisher":{"@id":"https:\/\/recriandoseufuturo.com\/#organization"},"potentialAction":[{"@type":"SearchAction","target":{"@type":"EntryPoint","urlTemplate":"https:\/\/recriandoseufuturo.com\/?s={search_term_string}"},"query-input":{"@type":"PropertyValueSpecification","valueRequired":true,"valueName":"search_term_string"}}],"inLanguage":"pt-BR"},{"@type":"Organization","@id":"https:\/\/recriandoseufuturo.com\/#organization","name":"Recriando seu Futuro Viagens e Turismo","url":"https:\/\/recriandoseufuturo.com\/","logo":{"@type":"ImageObject","inLanguage":"pt-BR","@id":"https:\/\/recriandoseufuturo.com\/#\/schema\/logo\/image\/","url":"https:\/\/recriandoseufuturo.com\/wp-content\/uploads\/2021\/06\/cropped-Untitled-design-24-3.png","contentUrl":"https:\/\/recriandoseufuturo.com\/wp-content\/uploads\/2021\/06\/cropped-Untitled-design-24-3.png","width":150,"height":150,"caption":"Recriando seu Futuro Viagens e Turismo"},"image":{"@id":"https:\/\/recriandoseufuturo.com\/#\/schema\/logo\/image\/"},"sameAs":["https:\/\/www.facebook.com\/recriandoseufuturo","https:\/\/www.instagram.com\/recriandoseufuturo\/"]}]}},"_links":{"self":[{"href":"https:\/\/recriandoseufuturo.com\/index.php\/wp-json\/wp\/v2\/pages\/5110","targetHints":{"allow":["GET"]}}],"collection":[{"href":"https:\/\/recriandoseufuturo.com\/index.php\/wp-json\/wp\/v2\/pages"}],"about":[{"href":"https:\/\/recriandoseufuturo.com\/index.php\/wp-json\/wp\/v2\/types\/page"}],"author":[{"embeddable":true,"href":"https:\/\/recriandoseufuturo.com\/index.php\/wp-json\/wp\/v2\/users\/1"}],"replies":[{"embeddable":true,"href":"https:\/\/recriandoseufuturo.com\/index.php\/wp-json\/wp\/v2\/comments?post=5110"}],"version-history":[{"count":34,"href":"https:\/\/recriandoseufuturo.com\/index.php\/wp-json\/wp\/v2\/pages\/5110\/revisions"}],"predecessor-version":[{"id":5155,"href":"https:\/\/recriandoseufuturo.com\/index.php\/wp-json\/wp\/v2\/pages\/5110\/revisions\/5155"}],"wp:attachment":[{"href":"https:\/\/recriandoseufuturo.com\/index.php\/wp-json\/wp\/v2\/media?parent=5110"}],"curies":[{"name":"wp","href":"https:\/\/api.w.org\/{rel}","templated":true}]}}