{"id":4058,"date":"2021-04-01T15:57:36","date_gmt":"2021-04-01T18:57:36","guid":{"rendered":"https:\/\/recriandoseufuturo.com\/?page_id=4058"},"modified":"2022-10-28T19:30:45","modified_gmt":"2022-10-28T22:30:45","slug":"viagens-grupo","status":"publish","type":"page","link":"https:\/\/recriandoseufuturo.com\/index.php\/viagens-grupo\/","title":{"rendered":"Viagens em Grupo"},"content":{"rendered":"\n\n\n\n\n\n\n\n\n<p><em>Viagens em grupo! Criamos experi\u00eancias em viagens para lhe mostrar o mundo exterior e voc\u00ea descobrir seu mundo interior<\/em>!<\/p>\n\n\n\n<p>Nossos grupos s\u00e3o roteiros cuidadosamente selecionados com o objetivo de proporcionar experi\u00eancias \u00fanicas em viagem. <\/p>\n\n\n\n<p>Lhe oferecemos o grupo que mais se adequa ao que voc\u00ea procura. Categoria dos hot\u00e9is, servi\u00e7os inclu\u00eddos, destino, etc.<\/p>\n\n\n\n\n\n\n\n<h2 class=\"wp-block-heading\">Pilares das Viagens em Grupo<\/h2>\n\n\n\n<figure class=\"wp-block-gallery has-nested-images columns-default is-cropped wp-block-gallery-1 is-layout-flex wp-block-gallery-is-layout-flex\">\n<figure class=\"wp-block-image size-large\"><img loading=\"lazy\" decoding=\"async\" width=\"683\" height=\"1024\" data-id=\"4028\" src=\"https:\/\/recriandoseufuturo.com\/wp-content\/uploads\/2017\/11\/UW-FR-Bordeaux-StAndre-bikes-1894-683x1024.jpg\" alt=\"Passeio de bike em Bordeaux\" class=\"wp-image-4028\" srcset=\"https:\/\/recriandoseufuturo.com\/wp-content\/uploads\/2017\/11\/UW-FR-Bordeaux-StAndre-bikes-1894-683x1024.jpg 683w, https:\/\/recriandoseufuturo.com\/wp-content\/uploads\/2017\/11\/UW-FR-Bordeaux-StAndre-bikes-1894-200x300.jpg 200w, https:\/\/recriandoseufuturo.com\/wp-content\/uploads\/2017\/11\/UW-FR-Bordeaux-StAndre-bikes-1894-768x1152.jpg 768w, https:\/\/recriandoseufuturo.com\/wp-content\/uploads\/2017\/11\/UW-FR-Bordeaux-StAndre-bikes-1894-1024x1536.jpg 1024w, https:\/\/recriandoseufuturo.com\/wp-content\/uploads\/2017\/11\/UW-FR-Bordeaux-StAndre-bikes-1894-1365x2048.jpg 1365w, https:\/\/recriandoseufuturo.com\/wp-content\/uploads\/2017\/11\/UW-FR-Bordeaux-StAndre-bikes-1894-scaled.jpg 1707w\" sizes=\"auto, (max-width: 683px) 100vw, 683px\" \/><figcaption>Movimento<\/figcaption><\/figure>\n\n\n\n<figure class=\"wp-block-image size-large\"><img loading=\"lazy\" decoding=\"async\" width=\"410\" height=\"250\" data-id=\"4355\" src=\"https:\/\/recriandoseufuturo.com\/wp-content\/uploads\/2021\/06\/quinoa-salmon.png\" alt=\"gastronomia no Peru\" class=\"wp-image-4355\" srcset=\"https:\/\/recriandoseufuturo.com\/wp-content\/uploads\/2021\/06\/quinoa-salmon.png 410w, https:\/\/recriandoseufuturo.com\/wp-content\/uploads\/2021\/06\/quinoa-salmon-300x183.png 300w, https:\/\/recriandoseufuturo.com\/wp-content\/uploads\/2021\/06\/quinoa-salmon-280x170.png 280w, https:\/\/recriandoseufuturo.com\/wp-content\/uploads\/2021\/06\/quinoa-salmon-98x60.png 98w\" sizes=\"auto, (max-width: 410px) 100vw, 410px\" \/><figcaption>Gastronomia<\/figcaption><\/figure>\n\n\n\n<figure class=\"wp-block-image size-large\"><img loading=\"lazy\" decoding=\"async\" width=\"1024\" height=\"683\" data-id=\"1714\" src=\"https:\/\/recriandoseufuturo.com\/wp-content\/uploads\/2018\/10\/photo-1613109040830-ffdd96756f5e-1024x683.jpeg\" alt=\"viagens em grupo\" class=\"wp-image-1714\" srcset=\"https:\/\/recriandoseufuturo.com\/wp-content\/uploads\/2018\/10\/photo-1613109040830-ffdd96756f5e-1024x683.jpeg 1024w, https:\/\/recriandoseufuturo.com\/wp-content\/uploads\/2018\/10\/photo-1613109040830-ffdd96756f5e-300x200.jpeg 300w, https:\/\/recriandoseufuturo.com\/wp-content\/uploads\/2018\/10\/photo-1613109040830-ffdd96756f5e-768x512.jpeg 768w, https:\/\/recriandoseufuturo.com\/wp-content\/uploads\/2018\/10\/photo-1613109040830-ffdd96756f5e-272x182.jpeg 272w, https:\/\/recriandoseufuturo.com\/wp-content\/uploads\/2018\/10\/photo-1613109040830-ffdd96756f5e.jpeg 1050w\" sizes=\"auto, (max-width: 1024px) 100vw, 1024px\" \/><figcaption>Novos Amigos<\/figcaption><\/figure>\n<\/figure>\n\n\n\n<p>Experi\u00eancias que v\u00e3o lhe enriquecer. Al\u00e9m dos tradicionais passeios tur\u00edsticos, alguns grupos oferecem atividades especiais, como por exemplo, visitar um mercado local, aulas de culin\u00e1ria, degusta\u00e7\u00e3o de vinhos com um workshop, etc. Portanto, atividades para lhe proporcionar momentos inesquec\u00edveis.<\/p>\n\n\n\n<p>Gastronomia que vai lhe inspirar. A boa culin\u00e1ria feita de ingredientes frescos e sazonais. A comida re\u00fane pessoas em volta da mesa. E isso tudo, significa viver o momento.<\/p>\n\n\n\n<p>Atividades que revigoram o corpo. Caminhadas, passeio de bicicleta, pr\u00e1tica de yoga. <\/p>\n\n\n\n<figure class=\"wp-block-gallery has-nested-images columns-default is-cropped wp-block-gallery-2 is-layout-flex wp-block-gallery-is-layout-flex\">\n<figure class=\"wp-block-image size-large\"><img loading=\"lazy\" decoding=\"async\" width=\"648\" height=\"405\" data-id=\"4245\" src=\"https:\/\/recriandoseufuturo.com\/wp-content\/uploads\/2021\/05\/douro-valley-portugal-wine-experts.jpeg\" alt=\"\" class=\"wp-image-4245\" srcset=\"https:\/\/recriandoseufuturo.com\/wp-content\/uploads\/2021\/05\/douro-valley-portugal-wine-experts.jpeg 648w, https:\/\/recriandoseufuturo.com\/wp-content\/uploads\/2021\/05\/douro-valley-portugal-wine-experts-300x188.jpeg 300w, https:\/\/recriandoseufuturo.com\/wp-content\/uploads\/2021\/05\/douro-valley-portugal-wine-experts-96x60.jpeg 96w\" sizes=\"auto, (max-width: 648px) 100vw, 648px\" \/><figcaption>Experi\u00eancias<\/figcaption><\/figure>\n\n\n\n<figure class=\"wp-block-image size-large\"><img loading=\"lazy\" decoding=\"async\" width=\"648\" height=\"405\" data-id=\"4244\" src=\"https:\/\/recriandoseufuturo.com\/wp-content\/uploads\/2021\/05\/douro-valley-portugal-quinta-panorama-suite-bedroom.jpeg\" alt=\"\" class=\"wp-image-4244\" srcset=\"https:\/\/recriandoseufuturo.com\/wp-content\/uploads\/2021\/05\/douro-valley-portugal-quinta-panorama-suite-bedroom.jpeg 648w, https:\/\/recriandoseufuturo.com\/wp-content\/uploads\/2021\/05\/douro-valley-portugal-quinta-panorama-suite-bedroom-300x188.jpeg 300w, https:\/\/recriandoseufuturo.com\/wp-content\/uploads\/2021\/05\/douro-valley-portugal-quinta-panorama-suite-bedroom-96x60.jpeg 96w\" sizes=\"auto, (max-width: 648px) 100vw, 648px\" \/><figcaption>Conforto<\/figcaption><\/figure>\n\n\n\n<figure class=\"wp-block-image size-large\"><img loading=\"lazy\" decoding=\"async\" width=\"1024\" height=\"586\" data-id=\"1820\" src=\"https:\/\/recriandoseufuturo.com\/wp-content\/uploads\/2018\/03\/SHA_Meditation-on-the-beach-1024x586.jpg\" alt=\"Medita\u00e7\u00e3o na praia, SHA\" class=\"wp-image-1820\" srcset=\"https:\/\/recriandoseufuturo.com\/wp-content\/uploads\/2018\/03\/SHA_Meditation-on-the-beach-1024x586.jpg 1024w, https:\/\/recriandoseufuturo.com\/wp-content\/uploads\/2018\/03\/SHA_Meditation-on-the-beach-300x172.jpg 300w, https:\/\/recriandoseufuturo.com\/wp-content\/uploads\/2018\/03\/SHA_Meditation-on-the-beach-768x439.jpg 768w, https:\/\/recriandoseufuturo.com\/wp-content\/uploads\/2018\/03\/SHA_Meditation-on-the-beach-1536x878.jpg 1536w, https:\/\/recriandoseufuturo.com\/wp-content\/uploads\/2018\/03\/SHA_Meditation-on-the-beach-2048x1171.jpg 2048w\" sizes=\"auto, (max-width: 1024px) 100vw, 1024px\" \/><figcaption>Reconecte-se<\/figcaption><\/figure>\n<\/figure>\n\n\n\n<p>Assim como, a hospedagem representa um item importante em nossos grupos. Selecionamos hot\u00e9is que re\u00fanem requisitos indispens\u00e1veis para o sucesso da viagem.<\/p>\n\n\n\n<p>Um momento para nos reconectar, uma pausa para agradecer. Realizar atividades que possam nos proporcionar um bem estar emocional. Certamente voc\u00ea ir\u00e1 viajar pelo seu mundo interior.<\/p>\n\n\n\n\n\n\n\n<figure class=\"wp-block-gallery has-nested-images columns-default is-cropped wp-block-gallery-3 is-layout-flex wp-block-gallery-is-layout-flex\">\n<figure class=\"wp-block-image size-large\"><img loading=\"lazy\" decoding=\"async\" width=\"1024\" height=\"683\" data-id=\"2048\" src=\"https:\/\/recriandoseufuturo.com\/wp-content\/uploads\/2018\/01\/nad-hemnani-8xpklKrfsG4-unsplash-1024x683.jpg\" alt=\"Machu Picchu\" class=\"wp-image-2048\" srcset=\"https:\/\/recriandoseufuturo.com\/wp-content\/uploads\/2018\/01\/nad-hemnani-8xpklKrfsG4-unsplash-1024x683.jpg 1024w, https:\/\/recriandoseufuturo.com\/wp-content\/uploads\/2018\/01\/nad-hemnani-8xpklKrfsG4-unsplash-300x200.jpg 300w, https:\/\/recriandoseufuturo.com\/wp-content\/uploads\/2018\/01\/nad-hemnani-8xpklKrfsG4-unsplash-768x512.jpg 768w, https:\/\/recriandoseufuturo.com\/wp-content\/uploads\/2018\/01\/nad-hemnani-8xpklKrfsG4-unsplash-1536x1024.jpg 1536w, https:\/\/recriandoseufuturo.com\/wp-content\/uploads\/2018\/01\/nad-hemnani-8xpklKrfsG4-unsplash-2048x1365.jpg 2048w, https:\/\/recriandoseufuturo.com\/wp-content\/uploads\/2018\/01\/nad-hemnani-8xpklKrfsG4-unsplash-272x182.jpg 272w\" sizes=\"auto, (max-width: 1024px) 100vw, 1024px\" \/><figcaption>Peru <\/figcaption><\/figure>\n\n\n\n<figure class=\"wp-block-image size-large\"><img loading=\"lazy\" decoding=\"async\" width=\"1024\" height=\"429\" data-id=\"4311\" src=\"https:\/\/recriandoseufuturo.com\/wp-content\/uploads\/2021\/05\/pyramid-egypt-1024x429.png\" alt=\"Egito e Cruzeiro no Nilo\" class=\"wp-image-4311\" srcset=\"https:\/\/recriandoseufuturo.com\/wp-content\/uploads\/2021\/05\/pyramid-egypt-1024x429.png 1024w, https:\/\/recriandoseufuturo.com\/wp-content\/uploads\/2021\/05\/pyramid-egypt-300x126.png 300w, https:\/\/recriandoseufuturo.com\/wp-content\/uploads\/2021\/05\/pyramid-egypt-768x321.png 768w, https:\/\/recriandoseufuturo.com\/wp-content\/uploads\/2021\/05\/pyramid-egypt.png 1290w, https:\/\/recriandoseufuturo.com\/wp-content\/uploads\/2021\/05\/pyramid-egypt-143x60.png 143w\" sizes=\"auto, (max-width: 1024px) 100vw, 1024px\" \/><figcaption>Egito <\/figcaption><\/figure>\n\n\n\n<figure class=\"wp-block-image size-large\"><img loading=\"lazy\" decoding=\"async\" width=\"630\" height=\"630\" data-id=\"4302\" src=\"https:\/\/recriandoseufuturo.com\/wp-content\/uploads\/2021\/05\/Untitled-design-14-1.png\" alt=\"Santorini\" class=\"wp-image-4302\" srcset=\"https:\/\/recriandoseufuturo.com\/wp-content\/uploads\/2021\/05\/Untitled-design-14-1.png 630w, https:\/\/recriandoseufuturo.com\/wp-content\/uploads\/2021\/05\/Untitled-design-14-1-300x300.png 300w, https:\/\/recriandoseufuturo.com\/wp-content\/uploads\/2021\/05\/Untitled-design-14-1-150x150.png 150w, https:\/\/recriandoseufuturo.com\/wp-content\/uploads\/2021\/05\/Untitled-design-14-1-60x60.png 60w\" sizes=\"auto, (max-width: 630px) 100vw, 630px\" \/><figcaption>Gr\u00e9cia e Turquia <\/figcaption><\/figure>\n\n\n\n<figure class=\"wp-block-image size-large\"><img loading=\"lazy\" decoding=\"async\" width=\"700\" height=\"512\" data-id=\"2100\" src=\"https:\/\/recriandoseufuturo.com\/wp-content\/uploads\/2021\/03\/princess-cruise-1.jpg\" alt=\"Cruzeiro Ilhas Gregas\" class=\"wp-image-2100\" srcset=\"https:\/\/recriandoseufuturo.com\/wp-content\/uploads\/2021\/03\/princess-cruise-1.jpg 700w, https:\/\/recriandoseufuturo.com\/wp-content\/uploads\/2021\/03\/princess-cruise-1-300x219.jpg 300w\" sizes=\"auto, (max-width: 700px) 100vw, 700px\" \/><figcaption>Escandin\u00e1via<\/figcaption><\/figure>\n\n\n\n<figure class=\"wp-block-image size-large\"><img loading=\"lazy\" decoding=\"async\" width=\"1024\" height=\"429\" data-id=\"4317\" src=\"https:\/\/recriandoseufuturo.com\/wp-content\/uploads\/2021\/05\/SS-Maria-thereza-1024x429.png\" alt=\"danubio\" class=\"wp-image-4317\" srcset=\"https:\/\/recriandoseufuturo.com\/wp-content\/uploads\/2021\/05\/SS-Maria-thereza-1024x429.png 1024w, https:\/\/recriandoseufuturo.com\/wp-content\/uploads\/2021\/05\/SS-Maria-thereza-300x126.png 300w, https:\/\/recriandoseufuturo.com\/wp-content\/uploads\/2021\/05\/SS-Maria-thereza-768x321.png 768w, https:\/\/recriandoseufuturo.com\/wp-content\/uploads\/2021\/05\/SS-Maria-thereza.png 1290w, https:\/\/recriandoseufuturo.com\/wp-content\/uploads\/2021\/05\/SS-Maria-thereza-143x60.png 143w\" sizes=\"auto, (max-width: 1024px) 100vw, 1024px\" \/><figcaption>Dan\u00fabio <\/figcaption><\/figure>\n\n\n\n<figure class=\"wp-block-image size-large\"><img loading=\"lazy\" decoding=\"async\" width=\"950\" height=\"500\" data-id=\"2078\" src=\"https:\/\/recriandoseufuturo.com\/wp-content\/uploads\/2018\/01\/deserto-camping-night-1.jpeg\" alt=\"grupo marrocos\" class=\"wp-image-2078\" srcset=\"https:\/\/recriandoseufuturo.com\/wp-content\/uploads\/2018\/01\/deserto-camping-night-1.jpeg 950w, https:\/\/recriandoseufuturo.com\/wp-content\/uploads\/2018\/01\/deserto-camping-night-1-300x158.jpeg 300w, https:\/\/recriandoseufuturo.com\/wp-content\/uploads\/2018\/01\/deserto-camping-night-1-768x404.jpeg 768w\" sizes=\"auto, (max-width: 950px) 100vw, 950px\" \/><figcaption>Marrocos <\/figcaption><\/figure>\n<\/figure>\n\n\n\n\n\n\n\n\n\n\n\n<h2 class=\"wp-block-heading\">Para maiores informa\u00e7\u00f5es nos envia uma <a href=\"https:\/\/api.whatsapp.com\/send?phone=+5581998724520\">mensagem<\/a>.<\/h2>\n\n\n","protected":false},"excerpt":{"rendered":"<p>Viagens em grupo! Criamos experi\u00eancias em viagens para lhe mostrar o mundo exterior e voc\u00ea descobrir seu mundo interior! Nossos grupos s\u00e3o roteiros cuidadosamente selecionados com o objetivo de proporcionar experi\u00eancias \u00fanicas em viagem. Lhe oferecemos o grupo que mais se adequa ao que voc\u00ea &hellip; <\/p>\n","protected":false},"author":1,"featured_media":0,"parent":0,"menu_order":0,"comment_status":"closed","ping_status":"closed","template":"","meta":{"footnotes":""},"class_list":["post-4058","page","type-page","status-publish","hentry"],"yoast_head":"<!-- This site is optimized with the Yoast SEO plugin v27.4 - https:\/\/yoast.com\/product\/yoast-seo-wordpress\/ -->\n<title>Viagens em Grupo - Recriando seu Futuro<\/title>\n<meta name=\"description\" content=\"Viagens em grupo. Experi\u00eancias em viagens para lhe mostrar o mundo exterior e voc\u00ea descobrir seu mundo interior!\" \/>\n<meta name=\"robots\" content=\"index, follow, max-snippet:-1, max-image-preview:large, max-video-preview:-1\" \/>\n<link rel=\"canonical\" href=\"https:\/\/recriandoseufuturo.com\/index.php\/viagens-grupo\/\" \/>\n<meta property=\"og:locale\" content=\"pt_BR\" \/>\n<meta property=\"og:type\" content=\"article\" \/>\n<meta property=\"og:title\" content=\"Viagens em Grupo - Recriando seu Futuro\" \/>\n<meta property=\"og:description\" content=\"Viagens em grupo. Experi\u00eancias em viagens para lhe mostrar o mundo exterior e voc\u00ea descobrir seu mundo interior!\" \/>\n<meta property=\"og:url\" content=\"https:\/\/recriandoseufuturo.com\/index.php\/viagens-grupo\/\" \/>\n<meta property=\"og:site_name\" content=\"Recriando seu Futuro\" \/>\n<meta property=\"article:publisher\" content=\"https:\/\/www.facebook.com\/recriandoseufuturo\" \/>\n<meta property=\"article:modified_time\" content=\"2022-10-28T22:30:45+00:00\" \/>\n<meta property=\"og:image\" content=\"https:\/\/recriandoseufuturo.com\/wp-content\/uploads\/2017\/11\/UW-FR-Bordeaux-StAndre-bikes-1894-683x1024.jpg\" \/>\n<meta name=\"twitter:card\" content=\"summary_large_image\" \/>\n<meta name=\"twitter:label1\" content=\"Est. tempo de leitura\" \/>\n\t<meta name=\"twitter:data1\" content=\"4 minutos\" \/>\n<script type=\"application\/ld+json\" class=\"yoast-schema-graph\">{\"@context\":\"https:\\\/\\\/schema.org\",\"@graph\":[{\"@type\":\"WebPage\",\"@id\":\"https:\\\/\\\/recriandoseufuturo.com\\\/index.php\\\/viagens-grupo\\\/\",\"url\":\"https:\\\/\\\/recriandoseufuturo.com\\\/index.php\\\/viagens-grupo\\\/\",\"name\":\"Viagens em Grupo - Recriando seu Futuro\",\"isPartOf\":{\"@id\":\"https:\\\/\\\/recriandoseufuturo.com\\\/#website\"},\"primaryImageOfPage\":{\"@id\":\"https:\\\/\\\/recriandoseufuturo.com\\\/index.php\\\/viagens-grupo\\\/#primaryimage\"},\"image\":{\"@id\":\"https:\\\/\\\/recriandoseufuturo.com\\\/index.php\\\/viagens-grupo\\\/#primaryimage\"},\"thumbnailUrl\":\"https:\\\/\\\/recriandoseufuturo.com\\\/wp-content\\\/uploads\\\/2017\\\/11\\\/UW-FR-Bordeaux-StAndre-bikes-1894-683x1024.jpg\",\"datePublished\":\"2021-04-01T18:57:36+00:00\",\"dateModified\":\"2022-10-28T22:30:45+00:00\",\"description\":\"Viagens em grupo. Experi\u00eancias em viagens para lhe mostrar o mundo exterior e voc\u00ea descobrir seu mundo interior!\",\"breadcrumb\":{\"@id\":\"https:\\\/\\\/recriandoseufuturo.com\\\/index.php\\\/viagens-grupo\\\/#breadcrumb\"},\"inLanguage\":\"pt-BR\",\"potentialAction\":[{\"@type\":\"ReadAction\",\"target\":[\"https:\\\/\\\/recriandoseufuturo.com\\\/index.php\\\/viagens-grupo\\\/\"]}]},{\"@type\":\"ImageObject\",\"inLanguage\":\"pt-BR\",\"@id\":\"https:\\\/\\\/recriandoseufuturo.com\\\/index.php\\\/viagens-grupo\\\/#primaryimage\",\"url\":\"https:\\\/\\\/recriandoseufuturo.com\\\/wp-content\\\/uploads\\\/2017\\\/11\\\/UW-FR-Bordeaux-StAndre-bikes-1894-683x1024.jpg\",\"contentUrl\":\"https:\\\/\\\/recriandoseufuturo.com\\\/wp-content\\\/uploads\\\/2017\\\/11\\\/UW-FR-Bordeaux-StAndre-bikes-1894-683x1024.jpg\"},{\"@type\":\"BreadcrumbList\",\"@id\":\"https:\\\/\\\/recriandoseufuturo.com\\\/index.php\\\/viagens-grupo\\\/#breadcrumb\",\"itemListElement\":[{\"@type\":\"ListItem\",\"position\":1,\"name\":\"In\u00edcio\",\"item\":\"https:\\\/\\\/recriandoseufuturo.com\\\/\"},{\"@type\":\"ListItem\",\"position\":2,\"name\":\"Viagens em Grupo\"}]},{\"@type\":\"WebSite\",\"@id\":\"https:\\\/\\\/recriandoseufuturo.com\\\/#website\",\"url\":\"https:\\\/\\\/recriandoseufuturo.com\\\/\",\"name\":\"Recriando seu Futuro\",\"description\":\"Viajar revigora o corpo, estimula a mente e eleva o esp\u00edrito\",\"publisher\":{\"@id\":\"https:\\\/\\\/recriandoseufuturo.com\\\/#organization\"},\"potentialAction\":[{\"@type\":\"SearchAction\",\"target\":{\"@type\":\"EntryPoint\",\"urlTemplate\":\"https:\\\/\\\/recriandoseufuturo.com\\\/?s={search_term_string}\"},\"query-input\":{\"@type\":\"PropertyValueSpecification\",\"valueRequired\":true,\"valueName\":\"search_term_string\"}}],\"inLanguage\":\"pt-BR\"},{\"@type\":\"Organization\",\"@id\":\"https:\\\/\\\/recriandoseufuturo.com\\\/#organization\",\"name\":\"Recriando seu Futuro Viagens e Turismo\",\"url\":\"https:\\\/\\\/recriandoseufuturo.com\\\/\",\"logo\":{\"@type\":\"ImageObject\",\"inLanguage\":\"pt-BR\",\"@id\":\"https:\\\/\\\/recriandoseufuturo.com\\\/#\\\/schema\\\/logo\\\/image\\\/\",\"url\":\"https:\\\/\\\/recriandoseufuturo.com\\\/wp-content\\\/uploads\\\/2021\\\/06\\\/cropped-Untitled-design-24-3.png\",\"contentUrl\":\"https:\\\/\\\/recriandoseufuturo.com\\\/wp-content\\\/uploads\\\/2021\\\/06\\\/cropped-Untitled-design-24-3.png\",\"width\":150,\"height\":150,\"caption\":\"Recriando seu Futuro Viagens e Turismo\"},\"image\":{\"@id\":\"https:\\\/\\\/recriandoseufuturo.com\\\/#\\\/schema\\\/logo\\\/image\\\/\"},\"sameAs\":[\"https:\\\/\\\/www.facebook.com\\\/recriandoseufuturo\",\"https:\\\/\\\/www.instagram.com\\\/recriandoseufuturo\\\/\"]}]}<\/script>\n<!-- \/ Yoast SEO plugin. -->","yoast_head_json":{"title":"Viagens em Grupo - Recriando seu Futuro","description":"Viagens em grupo. Experi\u00eancias em viagens para lhe mostrar o mundo exterior e voc\u00ea descobrir seu mundo interior!","robots":{"index":"index","follow":"follow","max-snippet":"max-snippet:-1","max-image-preview":"max-image-preview:large","max-video-preview":"max-video-preview:-1"},"canonical":"https:\/\/recriandoseufuturo.com\/index.php\/viagens-grupo\/","og_locale":"pt_BR","og_type":"article","og_title":"Viagens em Grupo - Recriando seu Futuro","og_description":"Viagens em grupo. Experi\u00eancias em viagens para lhe mostrar o mundo exterior e voc\u00ea descobrir seu mundo interior!","og_url":"https:\/\/recriandoseufuturo.com\/index.php\/viagens-grupo\/","og_site_name":"Recriando seu Futuro","article_publisher":"https:\/\/www.facebook.com\/recriandoseufuturo","article_modified_time":"2022-10-28T22:30:45+00:00","og_image":[{"url":"https:\/\/recriandoseufuturo.com\/wp-content\/uploads\/2017\/11\/UW-FR-Bordeaux-StAndre-bikes-1894-683x1024.jpg","type":"","width":"","height":""}],"twitter_card":"summary_large_image","twitter_misc":{"Est. tempo de leitura":"4 minutos"},"schema":{"@context":"https:\/\/schema.org","@graph":[{"@type":"WebPage","@id":"https:\/\/recriandoseufuturo.com\/index.php\/viagens-grupo\/","url":"https:\/\/recriandoseufuturo.com\/index.php\/viagens-grupo\/","name":"Viagens em Grupo - Recriando seu Futuro","isPartOf":{"@id":"https:\/\/recriandoseufuturo.com\/#website"},"primaryImageOfPage":{"@id":"https:\/\/recriandoseufuturo.com\/index.php\/viagens-grupo\/#primaryimage"},"image":{"@id":"https:\/\/recriandoseufuturo.com\/index.php\/viagens-grupo\/#primaryimage"},"thumbnailUrl":"https:\/\/recriandoseufuturo.com\/wp-content\/uploads\/2017\/11\/UW-FR-Bordeaux-StAndre-bikes-1894-683x1024.jpg","datePublished":"2021-04-01T18:57:36+00:00","dateModified":"2022-10-28T22:30:45+00:00","description":"Viagens em grupo. Experi\u00eancias em viagens para lhe mostrar o mundo exterior e voc\u00ea descobrir seu mundo interior!","breadcrumb":{"@id":"https:\/\/recriandoseufuturo.com\/index.php\/viagens-grupo\/#breadcrumb"},"inLanguage":"pt-BR","potentialAction":[{"@type":"ReadAction","target":["https:\/\/recriandoseufuturo.com\/index.php\/viagens-grupo\/"]}]},{"@type":"ImageObject","inLanguage":"pt-BR","@id":"https:\/\/recriandoseufuturo.com\/index.php\/viagens-grupo\/#primaryimage","url":"https:\/\/recriandoseufuturo.com\/wp-content\/uploads\/2017\/11\/UW-FR-Bordeaux-StAndre-bikes-1894-683x1024.jpg","contentUrl":"https:\/\/recriandoseufuturo.com\/wp-content\/uploads\/2017\/11\/UW-FR-Bordeaux-StAndre-bikes-1894-683x1024.jpg"},{"@type":"BreadcrumbList","@id":"https:\/\/recriandoseufuturo.com\/index.php\/viagens-grupo\/#breadcrumb","itemListElement":[{"@type":"ListItem","position":1,"name":"In\u00edcio","item":"https:\/\/recriandoseufuturo.com\/"},{"@type":"ListItem","position":2,"name":"Viagens em Grupo"}]},{"@type":"WebSite","@id":"https:\/\/recriandoseufuturo.com\/#website","url":"https:\/\/recriandoseufuturo.com\/","name":"Recriando seu Futuro","description":"Viajar revigora o corpo, estimula a mente e eleva o esp\u00edrito","publisher":{"@id":"https:\/\/recriandoseufuturo.com\/#organization"},"potentialAction":[{"@type":"SearchAction","target":{"@type":"EntryPoint","urlTemplate":"https:\/\/recriandoseufuturo.com\/?s={search_term_string}"},"query-input":{"@type":"PropertyValueSpecification","valueRequired":true,"valueName":"search_term_string"}}],"inLanguage":"pt-BR"},{"@type":"Organization","@id":"https:\/\/recriandoseufuturo.com\/#organization","name":"Recriando seu Futuro Viagens e Turismo","url":"https:\/\/recriandoseufuturo.com\/","logo":{"@type":"ImageObject","inLanguage":"pt-BR","@id":"https:\/\/recriandoseufuturo.com\/#\/schema\/logo\/image\/","url":"https:\/\/recriandoseufuturo.com\/wp-content\/uploads\/2021\/06\/cropped-Untitled-design-24-3.png","contentUrl":"https:\/\/recriandoseufuturo.com\/wp-content\/uploads\/2021\/06\/cropped-Untitled-design-24-3.png","width":150,"height":150,"caption":"Recriando seu Futuro Viagens e Turismo"},"image":{"@id":"https:\/\/recriandoseufuturo.com\/#\/schema\/logo\/image\/"},"sameAs":["https:\/\/www.facebook.com\/recriandoseufuturo","https:\/\/www.instagram.com\/recriandoseufuturo\/"]}]}},"_links":{"self":[{"href":"https:\/\/recriandoseufuturo.com\/index.php\/wp-json\/wp\/v2\/pages\/4058","targetHints":{"allow":["GET"]}}],"collection":[{"href":"https:\/\/recriandoseufuturo.com\/index.php\/wp-json\/wp\/v2\/pages"}],"about":[{"href":"https:\/\/recriandoseufuturo.com\/index.php\/wp-json\/wp\/v2\/types\/page"}],"author":[{"embeddable":true,"href":"https:\/\/recriandoseufuturo.com\/index.php\/wp-json\/wp\/v2\/users\/1"}],"replies":[{"embeddable":true,"href":"https:\/\/recriandoseufuturo.com\/index.php\/wp-json\/wp\/v2\/comments?post=4058"}],"version-history":[{"count":22,"href":"https:\/\/recriandoseufuturo.com\/index.php\/wp-json\/wp\/v2\/pages\/4058\/revisions"}],"predecessor-version":[{"id":5495,"href":"https:\/\/recriandoseufuturo.com\/index.php\/wp-json\/wp\/v2\/pages\/4058\/revisions\/5495"}],"wp:attachment":[{"href":"https:\/\/recriandoseufuturo.com\/index.php\/wp-json\/wp\/v2\/media?parent=4058"}],"curies":[{"name":"wp","href":"https:\/\/api.w.org\/{rel}","templated":true}]}}