{"id":1186,"date":"2018-10-26T06:34:52","date_gmt":"2018-10-26T06:34:52","guid":{"rendered":"https:\/\/demo.wenthemes.com\/travel-gem-pro\/?page_id=1186"},"modified":"2022-10-28T19:20:26","modified_gmt":"2022-10-28T22:20:26","slug":"recriando-seu-futuro","status":"publish","type":"page","link":"https:\/\/recriandoseufuturo.com\/index.php\/recriando-seu-futuro\/","title":{"rendered":"Sobre"},"content":{"rendered":"<p>Recriando seu Futuro Viagens que v\u00e3o lhe surpreender. Dicas, planejamento, detalhes que fazem a diferen\u00e7a em uma viagem bem realizada. Experi\u00eancia, organiza\u00e7\u00e3o e foco nas suas prioridades.<\/p>\n<p>Adoramos realizar sonhos! Ver pessoas felizes, nos faz feliz! Viajar \u00e9 sobre realizar sonhos! Acreditamos cada vez mais na import\u00e2ncia de entender as necessidades e desejos de cada um de n\u00f3s. Uma viagem n\u00e3o resume-se apenas ao planejamento dos dias, e reserva dos hot\u00e9is. Exploramos tamb\u00e9m as experi\u00eancias e sentimentos que voc\u00ea deseja vivenciar.<\/p>\n<p>Sua viagem come\u00e7a com nossa conversa inicial. Gostamos de saber quem voc\u00ea \u00e9, o que gosta de fazer. Momentos que te inspiram, e as coisas que voc\u00ea n\u00e3o gosta.&nbsp;<\/p>\n<p>Priorizamos trabalhar com os melhores pre\u00e7os de acordo com suas escolhas. Mas n\u00e3o gostamos de fornecer pre\u00e7os sem entender o que voc\u00ea busca. Evitando assim, oferecer servi\u00e7os diferentes da sua expectativa.<\/p>\n<p>Quer dar uma olhada em alguns pacotes que oferecemos? Checa <a href=\"https:\/\/recriandoseufuturo.com\/index.php\/viagens-grupo\/\">aqui<\/a> alguns dos grupos de brasileiros pelo mundo operados por empresas tradicionais no mercado de turismo.<\/p>\n\n\n<p>Quer saber mais? Nos envia uma mensagem por <a href=\"https:\/\/api.whatsapp.com\/send?phone=+5581998724520\">WhatsApp<\/a><\/p>\n","protected":false},"excerpt":{"rendered":"<p>Recriando seu Futuro Viagens que v\u00e3o lhe surpreender. Dicas, planejamento, detalhes que fazem a diferen\u00e7a em uma viagem bem realizada. Experi\u00eancia, organiza\u00e7\u00e3o e foco nas suas prioridades. Adoramos realizar sonhos! Ver pessoas felizes, nos faz feliz! Viajar \u00e9 sobre realizar sonhos! Acreditamos cada vez mais &hellip; <\/p>\n","protected":false},"author":1,"featured_media":5209,"parent":0,"menu_order":0,"comment_status":"open","ping_status":"closed","template":"","meta":{"footnotes":""},"class_list":["post-1186","page","type-page","status-publish","has-post-thumbnail","hentry"],"yoast_head":"<!-- This site is optimized with the Yoast SEO plugin v27.4 - https:\/\/yoast.com\/product\/yoast-seo-wordpress\/ -->\n<title>Sobre - Recriando seu Futuro<\/title>\n<meta name=\"description\" content=\"Recriando seu Futuro Viagens que v\u00e3o lhe surpreender. Dicas, planejamento, detalhes. Experi\u00eancia, organiza\u00e7\u00e3o e foco nas suas prioridades.\" \/>\n<meta name=\"robots\" content=\"index, follow, max-snippet:-1, max-image-preview:large, max-video-preview:-1\" \/>\n<link rel=\"canonical\" href=\"https:\/\/recriandoseufuturo.com\/index.php\/recriando-seu-futuro\/\" \/>\n<meta property=\"og:locale\" content=\"pt_BR\" \/>\n<meta property=\"og:type\" content=\"article\" \/>\n<meta property=\"og:title\" content=\"Sobre - Recriando seu Futuro\" \/>\n<meta property=\"og:description\" content=\"Recriando seu Futuro Viagens que v\u00e3o lhe surpreender. Dicas, planejamento, detalhes. Experi\u00eancia, organiza\u00e7\u00e3o e foco nas suas prioridades.\" \/>\n<meta property=\"og:url\" content=\"https:\/\/recriandoseufuturo.com\/index.php\/recriando-seu-futuro\/\" \/>\n<meta property=\"og:site_name\" content=\"Recriando seu Futuro\" \/>\n<meta property=\"article:publisher\" content=\"https:\/\/www.facebook.com\/recriandoseufuturo\" \/>\n<meta property=\"article:modified_time\" content=\"2022-10-28T22:20:26+00:00\" \/>\n<meta property=\"og:image\" content=\"https:\/\/recriandoseufuturo.com\/wp-content\/uploads\/2022\/07\/Untitled-design.png\" \/>\n\t<meta property=\"og:image:width\" content=\"1080\" \/>\n\t<meta property=\"og:image:height\" content=\"1080\" \/>\n\t<meta property=\"og:image:type\" content=\"image\/png\" \/>\n<meta name=\"twitter:card\" content=\"summary_large_image\" \/>\n<meta name=\"twitter:label1\" content=\"Est. tempo de leitura\" \/>\n\t<meta name=\"twitter:data1\" content=\"2 minutos\" \/>\n<script type=\"application\/ld+json\" class=\"yoast-schema-graph\">{\"@context\":\"https:\\\/\\\/schema.org\",\"@graph\":[{\"@type\":\"WebPage\",\"@id\":\"https:\\\/\\\/recriandoseufuturo.com\\\/index.php\\\/recriando-seu-futuro\\\/\",\"url\":\"https:\\\/\\\/recriandoseufuturo.com\\\/index.php\\\/recriando-seu-futuro\\\/\",\"name\":\"Sobre - Recriando seu Futuro\",\"isPartOf\":{\"@id\":\"https:\\\/\\\/recriandoseufuturo.com\\\/#website\"},\"primaryImageOfPage\":{\"@id\":\"https:\\\/\\\/recriandoseufuturo.com\\\/index.php\\\/recriando-seu-futuro\\\/#primaryimage\"},\"image\":{\"@id\":\"https:\\\/\\\/recriandoseufuturo.com\\\/index.php\\\/recriando-seu-futuro\\\/#primaryimage\"},\"thumbnailUrl\":\"https:\\\/\\\/recriandoseufuturo.com\\\/wp-content\\\/uploads\\\/2022\\\/07\\\/Untitled-design.png\",\"datePublished\":\"2018-10-26T06:34:52+00:00\",\"dateModified\":\"2022-10-28T22:20:26+00:00\",\"description\":\"Recriando seu Futuro Viagens que v\u00e3o lhe surpreender. Dicas, planejamento, detalhes. Experi\u00eancia, organiza\u00e7\u00e3o e foco nas suas prioridades.\",\"breadcrumb\":{\"@id\":\"https:\\\/\\\/recriandoseufuturo.com\\\/index.php\\\/recriando-seu-futuro\\\/#breadcrumb\"},\"inLanguage\":\"pt-BR\",\"potentialAction\":[{\"@type\":\"ReadAction\",\"target\":[\"https:\\\/\\\/recriandoseufuturo.com\\\/index.php\\\/recriando-seu-futuro\\\/\"]}]},{\"@type\":\"ImageObject\",\"inLanguage\":\"pt-BR\",\"@id\":\"https:\\\/\\\/recriandoseufuturo.com\\\/index.php\\\/recriando-seu-futuro\\\/#primaryimage\",\"url\":\"https:\\\/\\\/recriandoseufuturo.com\\\/wp-content\\\/uploads\\\/2022\\\/07\\\/Untitled-design.png\",\"contentUrl\":\"https:\\\/\\\/recriandoseufuturo.com\\\/wp-content\\\/uploads\\\/2022\\\/07\\\/Untitled-design.png\",\"width\":1080,\"height\":1080,\"caption\":\"recriando seu futuro\"},{\"@type\":\"BreadcrumbList\",\"@id\":\"https:\\\/\\\/recriandoseufuturo.com\\\/index.php\\\/recriando-seu-futuro\\\/#breadcrumb\",\"itemListElement\":[{\"@type\":\"ListItem\",\"position\":1,\"name\":\"In\u00edcio\",\"item\":\"https:\\\/\\\/recriandoseufuturo.com\\\/\"},{\"@type\":\"ListItem\",\"position\":2,\"name\":\"Sobre\"}]},{\"@type\":\"WebSite\",\"@id\":\"https:\\\/\\\/recriandoseufuturo.com\\\/#website\",\"url\":\"https:\\\/\\\/recriandoseufuturo.com\\\/\",\"name\":\"Recriando seu Futuro\",\"description\":\"Viajar revigora o corpo, estimula a mente e eleva o esp\u00edrito\",\"publisher\":{\"@id\":\"https:\\\/\\\/recriandoseufuturo.com\\\/#organization\"},\"potentialAction\":[{\"@type\":\"SearchAction\",\"target\":{\"@type\":\"EntryPoint\",\"urlTemplate\":\"https:\\\/\\\/recriandoseufuturo.com\\\/?s={search_term_string}\"},\"query-input\":{\"@type\":\"PropertyValueSpecification\",\"valueRequired\":true,\"valueName\":\"search_term_string\"}}],\"inLanguage\":\"pt-BR\"},{\"@type\":\"Organization\",\"@id\":\"https:\\\/\\\/recriandoseufuturo.com\\\/#organization\",\"name\":\"Recriando seu Futuro Viagens e Turismo\",\"url\":\"https:\\\/\\\/recriandoseufuturo.com\\\/\",\"logo\":{\"@type\":\"ImageObject\",\"inLanguage\":\"pt-BR\",\"@id\":\"https:\\\/\\\/recriandoseufuturo.com\\\/#\\\/schema\\\/logo\\\/image\\\/\",\"url\":\"https:\\\/\\\/recriandoseufuturo.com\\\/wp-content\\\/uploads\\\/2021\\\/06\\\/cropped-Untitled-design-24-3.png\",\"contentUrl\":\"https:\\\/\\\/recriandoseufuturo.com\\\/wp-content\\\/uploads\\\/2021\\\/06\\\/cropped-Untitled-design-24-3.png\",\"width\":150,\"height\":150,\"caption\":\"Recriando seu Futuro Viagens e Turismo\"},\"image\":{\"@id\":\"https:\\\/\\\/recriandoseufuturo.com\\\/#\\\/schema\\\/logo\\\/image\\\/\"},\"sameAs\":[\"https:\\\/\\\/www.facebook.com\\\/recriandoseufuturo\",\"https:\\\/\\\/www.instagram.com\\\/recriandoseufuturo\\\/\"]}]}<\/script>\n<!-- \/ Yoast SEO plugin. -->","yoast_head_json":{"title":"Sobre - Recriando seu Futuro","description":"Recriando seu Futuro Viagens que v\u00e3o lhe surpreender. Dicas, planejamento, detalhes. Experi\u00eancia, organiza\u00e7\u00e3o e foco nas suas prioridades.","robots":{"index":"index","follow":"follow","max-snippet":"max-snippet:-1","max-image-preview":"max-image-preview:large","max-video-preview":"max-video-preview:-1"},"canonical":"https:\/\/recriandoseufuturo.com\/index.php\/recriando-seu-futuro\/","og_locale":"pt_BR","og_type":"article","og_title":"Sobre - Recriando seu Futuro","og_description":"Recriando seu Futuro Viagens que v\u00e3o lhe surpreender. Dicas, planejamento, detalhes. Experi\u00eancia, organiza\u00e7\u00e3o e foco nas suas prioridades.","og_url":"https:\/\/recriandoseufuturo.com\/index.php\/recriando-seu-futuro\/","og_site_name":"Recriando seu Futuro","article_publisher":"https:\/\/www.facebook.com\/recriandoseufuturo","article_modified_time":"2022-10-28T22:20:26+00:00","og_image":[{"width":1080,"height":1080,"url":"https:\/\/recriandoseufuturo.com\/wp-content\/uploads\/2022\/07\/Untitled-design.png","type":"image\/png"}],"twitter_card":"summary_large_image","twitter_misc":{"Est. tempo de leitura":"2 minutos"},"schema":{"@context":"https:\/\/schema.org","@graph":[{"@type":"WebPage","@id":"https:\/\/recriandoseufuturo.com\/index.php\/recriando-seu-futuro\/","url":"https:\/\/recriandoseufuturo.com\/index.php\/recriando-seu-futuro\/","name":"Sobre - Recriando seu Futuro","isPartOf":{"@id":"https:\/\/recriandoseufuturo.com\/#website"},"primaryImageOfPage":{"@id":"https:\/\/recriandoseufuturo.com\/index.php\/recriando-seu-futuro\/#primaryimage"},"image":{"@id":"https:\/\/recriandoseufuturo.com\/index.php\/recriando-seu-futuro\/#primaryimage"},"thumbnailUrl":"https:\/\/recriandoseufuturo.com\/wp-content\/uploads\/2022\/07\/Untitled-design.png","datePublished":"2018-10-26T06:34:52+00:00","dateModified":"2022-10-28T22:20:26+00:00","description":"Recriando seu Futuro Viagens que v\u00e3o lhe surpreender. Dicas, planejamento, detalhes. Experi\u00eancia, organiza\u00e7\u00e3o e foco nas suas prioridades.","breadcrumb":{"@id":"https:\/\/recriandoseufuturo.com\/index.php\/recriando-seu-futuro\/#breadcrumb"},"inLanguage":"pt-BR","potentialAction":[{"@type":"ReadAction","target":["https:\/\/recriandoseufuturo.com\/index.php\/recriando-seu-futuro\/"]}]},{"@type":"ImageObject","inLanguage":"pt-BR","@id":"https:\/\/recriandoseufuturo.com\/index.php\/recriando-seu-futuro\/#primaryimage","url":"https:\/\/recriandoseufuturo.com\/wp-content\/uploads\/2022\/07\/Untitled-design.png","contentUrl":"https:\/\/recriandoseufuturo.com\/wp-content\/uploads\/2022\/07\/Untitled-design.png","width":1080,"height":1080,"caption":"recriando seu futuro"},{"@type":"BreadcrumbList","@id":"https:\/\/recriandoseufuturo.com\/index.php\/recriando-seu-futuro\/#breadcrumb","itemListElement":[{"@type":"ListItem","position":1,"name":"In\u00edcio","item":"https:\/\/recriandoseufuturo.com\/"},{"@type":"ListItem","position":2,"name":"Sobre"}]},{"@type":"WebSite","@id":"https:\/\/recriandoseufuturo.com\/#website","url":"https:\/\/recriandoseufuturo.com\/","name":"Recriando seu Futuro","description":"Viajar revigora o corpo, estimula a mente e eleva o esp\u00edrito","publisher":{"@id":"https:\/\/recriandoseufuturo.com\/#organization"},"potentialAction":[{"@type":"SearchAction","target":{"@type":"EntryPoint","urlTemplate":"https:\/\/recriandoseufuturo.com\/?s={search_term_string}"},"query-input":{"@type":"PropertyValueSpecification","valueRequired":true,"valueName":"search_term_string"}}],"inLanguage":"pt-BR"},{"@type":"Organization","@id":"https:\/\/recriandoseufuturo.com\/#organization","name":"Recriando seu Futuro Viagens e Turismo","url":"https:\/\/recriandoseufuturo.com\/","logo":{"@type":"ImageObject","inLanguage":"pt-BR","@id":"https:\/\/recriandoseufuturo.com\/#\/schema\/logo\/image\/","url":"https:\/\/recriandoseufuturo.com\/wp-content\/uploads\/2021\/06\/cropped-Untitled-design-24-3.png","contentUrl":"https:\/\/recriandoseufuturo.com\/wp-content\/uploads\/2021\/06\/cropped-Untitled-design-24-3.png","width":150,"height":150,"caption":"Recriando seu Futuro Viagens e Turismo"},"image":{"@id":"https:\/\/recriandoseufuturo.com\/#\/schema\/logo\/image\/"},"sameAs":["https:\/\/www.facebook.com\/recriandoseufuturo","https:\/\/www.instagram.com\/recriandoseufuturo\/"]}]}},"_links":{"self":[{"href":"https:\/\/recriandoseufuturo.com\/index.php\/wp-json\/wp\/v2\/pages\/1186","targetHints":{"allow":["GET"]}}],"collection":[{"href":"https:\/\/recriandoseufuturo.com\/index.php\/wp-json\/wp\/v2\/pages"}],"about":[{"href":"https:\/\/recriandoseufuturo.com\/index.php\/wp-json\/wp\/v2\/types\/page"}],"author":[{"embeddable":true,"href":"https:\/\/recriandoseufuturo.com\/index.php\/wp-json\/wp\/v2\/users\/1"}],"replies":[{"embeddable":true,"href":"https:\/\/recriandoseufuturo.com\/index.php\/wp-json\/wp\/v2\/comments?post=1186"}],"version-history":[{"count":19,"href":"https:\/\/recriandoseufuturo.com\/index.php\/wp-json\/wp\/v2\/pages\/1186\/revisions"}],"predecessor-version":[{"id":5492,"href":"https:\/\/recriandoseufuturo.com\/index.php\/wp-json\/wp\/v2\/pages\/1186\/revisions\/5492"}],"wp:featuredmedia":[{"embeddable":true,"href":"https:\/\/recriandoseufuturo.com\/index.php\/wp-json\/wp\/v2\/media\/5209"}],"wp:attachment":[{"href":"https:\/\/recriandoseufuturo.com\/index.php\/wp-json\/wp\/v2\/media?parent=1186"}],"curies":[{"name":"wp","href":"https:\/\/api.w.org\/{rel}","templated":true}]}}